{"id":26,"date":"2025-06-04T10:08:37","date_gmt":"2025-06-04T10:08:37","guid":{"rendered":"https:\/\/noshamefoundation.co.uk\/?page_id=26"},"modified":"2025-07-16T12:34:09","modified_gmt":"2025-07-16T12:34:09","slug":"join-our-team","status":"publish","type":"page","link":"https:\/\/noshamefoundation.co.uk\/cy\/join-our-team\/","title":{"rendered":"Ymunwch \u00e2\u2019n T\u00eem"},"content":{"rendered":"<div data-elementor-type=\"wp-page\" data-elementor-id=\"26\" class=\"elementor elementor-26\" data-elementor-post-type=\"page\">\n\t\t\t\t<div class=\"elementor-element elementor-element-a33bb4b e-con-full e-flex e-con e-parent\" data-id=\"a33bb4b\" data-element_type=\"container\" data-e-type=\"container\" data-settings=\"{&quot;background_background&quot;:&quot;classic&quot;}\">\n\t\t\t\t<\/div>\n\t\t<div class=\"elementor-element elementor-element-5345649 e-flex e-con-boxed elementor-invisible e-con e-parent\" data-id=\"5345649\" data-element_type=\"container\" data-e-type=\"container\" data-settings=\"{&quot;animation&quot;:&quot;fadeInUp&quot;,&quot;shape_divider_top&quot;:&quot;triangle&quot;,&quot;shape_divider_bottom&quot;:&quot;triangle&quot;}\">\n\t\t\t\t\t<div class=\"e-con-inner\">\n\t\t\t\t<div class=\"elementor-shape elementor-shape-top\" aria-hidden=\"true\" data-negative=\"false\">\n\t\t\t<svg xmlns=\"http:\/\/www.w3.org\/2000\/svg\" viewbox=\"0 0 1000 100\" preserveaspectratio=\"none\">\n\t<path class=\"elementor-shape-fill\" d=\"M500,98.9L0,6.1V0h1000v6.1L500,98.9z\"\/>\n<\/svg>\t\t<\/div>\n\t\t\t\t<div class=\"elementor-shape elementor-shape-bottom\" aria-hidden=\"true\" data-negative=\"false\">\n\t\t\t<svg xmlns=\"http:\/\/www.w3.org\/2000\/svg\" viewbox=\"0 0 1000 100\" preserveaspectratio=\"none\">\n\t<path class=\"elementor-shape-fill\" d=\"M500,98.9L0,6.1V0h1000v6.1L500,98.9z\"\/>\n<\/svg>\t\t<\/div>\n\t\t\t\t<div class=\"elementor-element elementor-element-15cc429 elementor-widget elementor-widget-heading\" data-id=\"15cc429\" data-element_type=\"widget\" data-e-type=\"widget\" data-widget_type=\"heading.default\">\n\t\t\t\t<div class=\"elementor-widget-container\">\n\t\t\t\t\t<h2 class=\"elementor-heading-title elementor-size-default\">Ymunwch \u00e2\u2019n T\u00eem<\/h2>\t\t\t\t<\/div>\n\t\t\t\t<\/div>\n\t\t\t\t<div class=\"elementor-element elementor-element-ce6a4f1 elementor-widget elementor-widget-text-editor\" data-id=\"ce6a4f1\" data-element_type=\"widget\" data-e-type=\"widget\" data-widget_type=\"text-editor.default\">\n\t\t\t\t<div class=\"elementor-widget-container\">\n\t\t\t\t\t\t\t\t\t<p><span data-olk-copy-source=\"MessageBody\">Ar hyn o bryd, rydym yn paratoi disgrifiadau swydd manwl ar gyfer ein swyddi gwag ac fe wnawn eu rhannu yma yn fuan. <\/span><\/p><p><span data-olk-copy-source=\"MessageBody\">Yn y cyfamser, rydym bob amser yn chwilio am bobl angerddol, ymroddedig sy\u2019n dymuno gwneud gwahaniaeth. Boed gennych chi ddiddordeb mewn r\u00f4l \u00e2 th\u00e2l neu wirfoddoli, byddem wrth ein bodd yn clywed gennych. Os ydych chi\u2019n gyffrous i gefnogi ein gweledigaeth ac eisiau helpu eraill ar eu taith iach\u00e1u, cysylltwch \u00e2 ni.<\/span><\/p>\t\t\t\t\t\t\t\t<\/div>\n\t\t\t\t<\/div>\n\t\t\t\t\t<\/div>\n\t\t\t\t<\/div>\n\t\t\t\t<\/div>","protected":false},"excerpt":{"rendered":"<p>Join Our Team We are currently preparing detailed job descriptions for our open roles and will share here soon. In the meantime, we are always looking for passionate, dedicated people who want to make a difference. Whether you are interested in a paid role or volunteering we would love to hear from you. If you [&hellip;]<\/p>\n","protected":false},"author":1,"featured_media":0,"parent":0,"menu_order":0,"comment_status":"closed","ping_status":"closed","template":"","meta":{"footnotes":""},"class_list":["post-26","page","type-page","status-publish","hentry"],"_links":{"self":[{"href":"https:\/\/noshamefoundation.co.uk\/cy\/wp-json\/wp\/v2\/pages\/26","targetHints":{"allow":["GET"]}}],"collection":[{"href":"https:\/\/noshamefoundation.co.uk\/cy\/wp-json\/wp\/v2\/pages"}],"about":[{"href":"https:\/\/noshamefoundation.co.uk\/cy\/wp-json\/wp\/v2\/types\/page"}],"author":[{"embeddable":true,"href":"https:\/\/noshamefoundation.co.uk\/cy\/wp-json\/wp\/v2\/users\/1"}],"replies":[{"embeddable":true,"href":"https:\/\/noshamefoundation.co.uk\/cy\/wp-json\/wp\/v2\/comments?post=26"}],"version-history":[{"count":0,"href":"https:\/\/noshamefoundation.co.uk\/cy\/wp-json\/wp\/v2\/pages\/26\/revisions"}],"wp:attachment":[{"href":"https:\/\/noshamefoundation.co.uk\/cy\/wp-json\/wp\/v2\/media?parent=26"}],"curies":[{"name":"wp","href":"https:\/\/api.w.org\/{rel}","templated":true}]}}